{"id":6,"date":"2016-02-10T16:57:32","date_gmt":"2016-02-10T15:57:32","guid":{"rendered":"http:\/\/praxisdrshilashammas4720.apps-1and1.net\/?page_id=6"},"modified":"2022-04-09T20:58:02","modified_gmt":"2022-04-09T18:58:02","slug":"frauenarztpraxis-dr-med-shila-shammas","status":"publish","type":"page","link":"https:\/\/praxis-dr.shammas.de\/","title":{"rendered":"Frauenarztpraxis Dr. Med. Shila Shammas"},"content":{"rendered":"<h4 style=\"text-align: left;\">Herzlich Willkommen auf unserer Webseite.<\/h4>\n<h2 style=\"text-align: center;\"><a href=\"https:\/\/i0.wp.com\/praxis-dr.shammas.de\/wp-content\/uploads\/2021\/11\/Shila-1-scaled.jpg\"><img loading=\"lazy\" decoding=\"async\" data-attachment-id=\"2813\" data-permalink=\"https:\/\/praxis-dr.shammas.de\/?attachment_id=2813\" data-orig-file=\"https:\/\/i0.wp.com\/praxis-dr.shammas.de\/wp-content\/uploads\/2021\/11\/Shila-1-scaled.jpg?fit=2560%2C1455&amp;ssl=1\" data-orig-size=\"2560,1455\" data-comments-opened=\"0\" data-image-meta=\"{&quot;aperture&quot;:&quot;0&quot;,&quot;credit&quot;:&quot;&quot;,&quot;camera&quot;:&quot;&quot;,&quot;caption&quot;:&quot;&quot;,&quot;created_timestamp&quot;:&quot;0&quot;,&quot;copyright&quot;:&quot;&quot;,&quot;focal_length&quot;:&quot;0&quot;,&quot;iso&quot;:&quot;0&quot;,&quot;shutter_speed&quot;:&quot;0&quot;,&quot;title&quot;:&quot;&quot;,&quot;orientation&quot;:&quot;0&quot;}\" data-image-title=\"_Shila\" data-image-description=\"\" data-image-caption=\"\" data-medium-file=\"https:\/\/i0.wp.com\/praxis-dr.shammas.de\/wp-content\/uploads\/2021\/11\/Shila-1-scaled.jpg?fit=300%2C171&amp;ssl=1\" data-large-file=\"https:\/\/i0.wp.com\/praxis-dr.shammas.de\/wp-content\/uploads\/2021\/11\/Shila-1-scaled.jpg?fit=840%2C477&amp;ssl=1\" class=\"aligncenter wp-image-2813 size-large\" src=\"https:\/\/i0.wp.com\/praxis-dr.shammas.de\/wp-content\/uploads\/2021\/11\/Shila-1.jpg?resize=840%2C477\" alt=\"\" width=\"840\" height=\"477\" srcset=\"https:\/\/i0.wp.com\/praxis-dr.shammas.de\/wp-content\/uploads\/2021\/11\/Shila-1-scaled.jpg?resize=1024%2C582&amp;ssl=1 1024w, https:\/\/i0.wp.com\/praxis-dr.shammas.de\/wp-content\/uploads\/2021\/11\/Shila-1-scaled.jpg?resize=300%2C171&amp;ssl=1 300w, https:\/\/i0.wp.com\/praxis-dr.shammas.de\/wp-content\/uploads\/2021\/11\/Shila-1-scaled.jpg?resize=768%2C437&amp;ssl=1 768w, https:\/\/i0.wp.com\/praxis-dr.shammas.de\/wp-content\/uploads\/2021\/11\/Shila-1-scaled.jpg?resize=1536%2C873&amp;ssl=1 1536w, https:\/\/i0.wp.com\/praxis-dr.shammas.de\/wp-content\/uploads\/2021\/11\/Shila-1-scaled.jpg?resize=2048%2C1164&amp;ssl=1 2048w, https:\/\/i0.wp.com\/praxis-dr.shammas.de\/wp-content\/uploads\/2021\/11\/Shila-1-scaled.jpg?w=1680 1680w, https:\/\/i0.wp.com\/praxis-dr.shammas.de\/wp-content\/uploads\/2021\/11\/Shila-1-scaled.jpg?w=2520 2520w\" sizes=\"(max-width: 840px) 100vw, 840px\" data-recalc-dims=\"1\" \/><code><\/code><\/a><\/h2>\n<div>\n<hr \/>\n<\/div>\n<div style=\"text-align: center;\"><strong>Online Terminvergabe<\/strong><\/div>\n<div style=\"text-align: center;\">Ab sofort bieten wir Ihnen die M\u00f6glichkeit, online einen Termin zu vereinbaren.<\/div>\n<div style=\"text-align: center;\"><a href=\"https:\/\/praxis-dr.shammas.de\/?p=2911\">Zur Terminvereinbarung klicken Sie hier!<\/a><\/div>\n<div><\/div>\n<hr \/>\n<h6 style=\"text-align: center;\" align=\"center\"><span style=\"font-size: 12.0pt; font-weight: normal;\"><strong>Corona-Schutzimpfungen!<\/strong><br \/>\nAb sofort ist es uns wieder m\u00f6glich, Termine f\u00fcr die Corona-Schutzimpfung anzubieten.<br \/>\n<a href=\"http:\/\/praxis-dr.shammas.de\/?page_id=2787\">Zur Terminvereinbarung klicken Sie hier!<\/a><\/span><\/h6>\n<hr \/>\n<p><span style=\"color: #000000;\">Mit dieser Homepage m\u00f6chte ich Ihnen einen Einblick in meine frauen\u00e4rztliche Praxis geben. <\/span><\/p>\n<p style=\"text-align: left;\" align=\"center\"><span style=\"color: #000000;\">Durch meine Klinikerfahrung habe ich gelernt, dass neben exzellenten Fachkenntnissen und jahrelanger medizinischen Erfahrung, gegenseitige Achtung und <strong>\u201eZuh\u00f6ren k\u00f6nnen\u201c<\/strong> f\u00fcr ein vertrauensvolles Arzt-Patienten-Verh\u00e4ltnis unerl\u00e4sslich sind. <\/span><\/p>\n<p style=\"text-align: left;\" align=\"center\"><span style=\"color: #000000;\">Als \u201eHaus\u00e4rztin der Frau\u201c stehe ich Ihnen in allen Lebensabschnitten vom Teenager bis ins hohe Alter begleitend zur Seite. Es ist mir ein wesentliches Anliegen, Ihnen eine kompetente, individuelle Beratung und Behandlung anzubieten und ich bin bem\u00fcht, mir gen\u00fcgend Zeit f\u00fcr unser Gespr\u00e4ch zu nehmen.<\/span><\/p>\n<hr \/>\n<p style=\"text-align: center;\"><strong>Liebe Patienten!<\/strong><\/p>\n<p style=\"text-align: center;\">Bitte kontaktieren Sie mich, wenn Sie etwas auf dem Herzen haben. Teilen Sie mir Ihre Beschwerden, Lob oder Anregungen mit!<br \/>\nIhre R\u00fcckmeldungen werden erfasst, damit wir sehen, wo unsere St\u00e4rken und Schw\u00e4chen liegen.<br \/>\nIch werde am Ende der Sprechstunde alle Mails pers\u00f6nlich lesen.<br \/>\nHaben Sie aber bitte Verst\u00e4ndnis daf\u00fcr, dass ich aus rechtlichen Gr\u00fcnden keine medizinische Diagnose oder Therapievorschl\u00e4ge per Mail machen kann.<\/p>\n<p style=\"text-align: center;\">Vielen Dank<br \/>\nDr. Shila Shammas<\/p>\n<hr \/>\n","protected":false},"excerpt":{"rendered":"<p>Herzlich Willkommen auf unserer Webseite. Online Terminvergabe Ab sofort bieten wir Ihnen die M\u00f6glichkeit, online einen Termin zu vereinbaren. Zur<\/p>\n","protected":false},"author":1,"featured_media":0,"parent":0,"menu_order":0,"comment_status":"closed","ping_status":"closed","template":"","meta":{"jetpack_post_was_ever_published":false,"footnotes":""},"jetpack_sharing_enabled":true,"jetpack_shortlink":"https:\/\/wp.me\/P7QlVC-6","_links":{"self":[{"href":"https:\/\/praxis-dr.shammas.de\/index.php?rest_route=\/wp\/v2\/pages\/6"}],"collection":[{"href":"https:\/\/praxis-dr.shammas.de\/index.php?rest_route=\/wp\/v2\/pages"}],"about":[{"href":"https:\/\/praxis-dr.shammas.de\/index.php?rest_route=\/wp\/v2\/types\/page"}],"author":[{"embeddable":true,"href":"https:\/\/praxis-dr.shammas.de\/index.php?rest_route=\/wp\/v2\/users\/1"}],"replies":[{"embeddable":true,"href":"https:\/\/praxis-dr.shammas.de\/index.php?rest_route=%2Fwp%2Fv2%2Fcomments&post=6"}],"version-history":[{"count":78,"href":"https:\/\/praxis-dr.shammas.de\/index.php?rest_route=\/wp\/v2\/pages\/6\/revisions"}],"predecessor-version":[{"id":2970,"href":"https:\/\/praxis-dr.shammas.de\/index.php?rest_route=\/wp\/v2\/pages\/6\/revisions\/2970"}],"wp:attachment":[{"href":"https:\/\/praxis-dr.shammas.de\/index.php?rest_route=%2Fwp%2Fv2%2Fmedia&parent=6"}],"curies":[{"name":"wp","href":"https:\/\/api.w.org\/{rel}","templated":true}]}}